{"id":710,"date":"2022-10-26T11:46:37","date_gmt":"2022-10-26T11:46:37","guid":{"rendered":"https:\/\/www.kappastar.com\/pocetna\/"},"modified":"2023-01-30T13:23:30","modified_gmt":"2023-01-30T13:23:30","slug":"pocetna","status":"publish","type":"page","link":"https:\/\/www.kappastar.com\/sr\/","title":{"rendered":"PO\u010cETNA"},"content":{"rendered":"<p>[et_pb_section fb_built=&#8220;1&#8243; fullwidth=&#8220;on&#8220; _builder_version=&#8220;4.19.0&#8243; _module_preset=&#8220;default&#8220; global_colors_info=&#8220;{}&#8220;][et_pb_fullwidth_slider _builder_version=&#8220;4.19.4&#8243; _module_preset=&#8220;default&#8220; height_tablet=&#8220;&#8220; height_phone=&#8220;260px&#8220; height_last_edited=&#8220;on|phone&#8220; custom_padding=&#8220;455px|||128px|false|false&#8220; auto=&#8220;on&#8220; auto_speed=&#8220;4000&#8243; hover_enabled=&#8220;0&#8243; global_colors_info=&#8220;{}&#8220; sticky_enabled=&#8220;0&#8243;][et_pb_slide _builder_version=&#8220;4.19.1&#8243; _module_preset=&#8220;default&#8220; body_font_size=&#8220;21px&#8220; body_line_height=&#8220;22px&#8220; background_image=&#8220;https:\/\/www.kappastar.com\/wp-content\/uploads\/2022\/10\/background_slider.png&#8220; background_enable_image=&#8220;on&#8220; background_video_mp4=&#8220;https:\/\/www.kappastar.com\/wp-content\/uploads\/2022\/10\/KappaStar-Header-Video-04_1.webm&#8220; background_enable_video_mp4=&#8220;on&#8220; custom_padding=&#8220;455px|||200px|false|false&#8220; global_colors_info=&#8220;{}&#8220; sticky_transition=&#8220;on&#8220;]<\/p>\n<p style=\"text-align: left;\">KAPPASTAR grupa je investiciona kompanija<br \/>sa Kipra, koju \u010dini 5 \u010dlanica.<\/p>\n<p>[\/et_pb_slide][et_pb_slide button_text=&#8220;SAZNAJTE VI\u0160E&#8220; button_link=&#8220;https:\/\/www.kappastar.com\/sr\/fabrika-bisvita-i-keksa-jaffa-crvenka\/&#8220; _builder_version=&#8220;4.19.4&#8243; _module_preset=&#8220;default&#8220; header_level=&#8220;h1&#8243; header_text_align=&#8220;left&#8220; header_font_size=&#8220;30px&#8220; body_font=&#8220;||||||||&#8220; body_font_size=&#8220;25px&#8220; background_color=&#8220;rgba(0,0,0,0.3)&#8220; background_enable_color=&#8220;on&#8220; background_image=&#8220;https:\/\/www.kappastar.com\/wp-content\/uploads\/2022\/11\/konditorska-industrija.png&#8220; background_enable_image=&#8220;on&#8220; background_blend=&#8220;overlay&#8220; custom_button=&#8220;on&#8220; button_text_size=&#8220;14px&#8220; button_text_color=&#8220;#FFFFFF&#8220; button_bg_color=&#8220;#09347a&#8220; button_border_width=&#8220;0px&#8220; button_border_color=&#8220;#09347a&#8220; button_border_radius=&#8220;3px&#8220; button_font=&#8220;|600|||||||&#8220; button_use_icon=&#8220;off&#8220; button_alignment=&#8220;left&#8220; button_custom_margin=&#8220;||||false|false&#8220; button_custom_padding=&#8220;12px|35px|12px|35px|true|true&#8220; body_font_size_tablet=&#8220;25px&#8220; body_font_size_phone=&#8220;18px&#8220; body_font_size_last_edited=&#8220;on|phone&#8220; global_colors_info=&#8220;{}&#8220; button_bg_color__hover_enabled=&#8220;on|hover&#8220; button_bg_color__hover=&#8220;#0C71C3&#8243; button_bg_enable_color__hover=&#8220;on&#8220; button_border_color__hover_enabled=&#8220;on|hover&#8220; button_border_color__hover=&#8220;#0C71C3&#8243; sticky_transition=&#8220;on&#8220;]<\/p>\n<p class=\"slider-title\" style=\"text-align: left;\"><strong>KONDITORSKA<br \/>INDUSTRIJA<\/strong><\/p>\n<p style=\"text-align: left;\">Biskviti i keksi; slani krekeri<\/p>\n<p>[\/et_pb_slide][et_pb_slide button_text=&#8220;SAZNAJTE VI\u0160E&#8220; button_link=&#8220;https:\/\/www.kappastar.com\/sr\/fabrika-kartona-umka\/&#8220; _builder_version=&#8220;4.19.1&#8243; _module_preset=&#8220;default&#8220; header_level=&#8220;h1&#8243; header_text_align=&#8220;left&#8220; header_font_size=&#8220;30px&#8220; body_font=&#8220;||||||||&#8220; body_font_size=&#8220;25px&#8220; background_color=&#8220;rgba(0,0,0,0.3)&#8220; background_enable_color=&#8220;on&#8220; background_image=&#8220;https:\/\/www.kappastar.com\/wp-content\/uploads\/2022\/10\/Umka-1.jpg&#8220; background_enable_image=&#8220;on&#8220; background_blend=&#8220;overlay&#8220; custom_button=&#8220;on&#8220; button_text_size=&#8220;14px&#8220; button_text_color=&#8220;#FFFFFF&#8220; button_bg_color=&#8220;#09347a&#8220; button_border_width=&#8220;0px&#8220; button_border_color=&#8220;#09347a&#8220; button_border_radius=&#8220;3px&#8220; button_font=&#8220;|600|||||||&#8220; button_use_icon=&#8220;off&#8220; button_alignment=&#8220;left&#8220; button_custom_margin=&#8220;||||false|false&#8220; button_custom_padding=&#8220;12px|35px|12px|35px|true|true&#8220; body_font_size_tablet=&#8220;25px&#8220; body_font_size_phone=&#8220;18px&#8220; body_font_size_last_edited=&#8220;on|phone&#8220; global_colors_info=&#8220;{}&#8220; button_bg_color__hover_enabled=&#8220;on|hover&#8220; button_bg_color__hover=&#8220;#0C71C3&#8243; button_bg_enable_color__hover=&#8220;on&#8220; button_border_color__hover_enabled=&#8220;on|hover&#8220; button_border_color__hover=&#8220;#0C71C3&#8243; sticky_transition=&#8220;on&#8220;]<\/p>\n<p class=\"slider-title\" style=\"text-align: left;\"><strong>UMKA FABRIKA<br \/>KARTONA<\/strong><\/p>\n<p style=\"text-align: left;\">Hromo karton na bazi recikliranog papira (GD2, GD3 i GT2 kvaliteta)<\/p>\n<p>[\/et_pb_slide][et_pb_slide button_text=&#8220;SAZNAJTE VI\u0160E&#8220; button_link=&#8220;https:\/\/www.kappastar.com\/sr\/kappastar-recycling-eng\/&#8220; _builder_version=&#8220;4.19.4&#8243; _module_preset=&#8220;default&#8220; header_level=&#8220;h1&#8243; header_text_align=&#8220;left&#8220; header_font_size=&#8220;30px&#8220; body_font=&#8220;||||||||&#8220; body_font_size=&#8220;25px&#8220; background_color=&#8220;rgba(0,0,0,0.3)&#8220; background_enable_color=&#8220;on&#8220; background_image=&#8220;https:\/\/www.kappastar.com\/wp-content\/uploads\/2022\/10\/papir-servis-01.jpg&#8220; background_enable_image=&#8220;on&#8220; background_blend=&#8220;overlay&#8220; custom_button=&#8220;on&#8220; button_text_size=&#8220;14px&#8220; button_text_color=&#8220;#FFFFFF&#8220; button_bg_color=&#8220;#09347a&#8220; button_border_width=&#8220;0px&#8220; button_border_color=&#8220;#09347a&#8220; button_border_radius=&#8220;3px&#8220; button_font=&#8220;|600|||||||&#8220; button_use_icon=&#8220;off&#8220; button_alignment=&#8220;left&#8220; button_custom_margin=&#8220;||||false|false&#8220; button_custom_padding=&#8220;12px|35px|12px|35px|true|true&#8220; hover_enabled=&#8220;0&#8243; body_font_size_tablet=&#8220;25px&#8220; body_font_size_phone=&#8220;18px&#8220; body_font_size_last_edited=&#8220;on|phone&#8220; global_colors_info=&#8220;{}&#8220; button_bg_color__hover_enabled=&#8220;on|hover&#8220; button_bg_color__hover=&#8220;#0C71C3&#8243; button_bg_enable_color__hover=&#8220;on&#8220; button_border_color__hover_enabled=&#8220;on|hover&#8220; button_border_color__hover=&#8220;#0C71C3&#8243; sticky_transition=&#8220;on&#8220; sticky_enabled=&#8220;0&#8243;]<\/p>\n<p class=\"slider-title\" style=\"text-align: left;\"><strong>KAPPASTAR<br \/>RECYCLING<\/strong><\/p>\n<p style=\"text-align: left;\">Ovla\u0161\u0107eni Operater za sakupljanje, transport, skladi\u0161tenje i tretman neopasnog otpada<\/p>\n<p>[\/et_pb_slide][et_pb_slide button_text=&#8220;SAZNAJTE VI\u0160E&#8220; button_link=&#8220;https:\/\/www.kappastar.com\/sr\/ekostar-pak\/&#8220; _builder_version=&#8220;4.19.4&#8243; _module_preset=&#8220;default&#8220; header_level=&#8220;h1&#8243; header_text_align=&#8220;left&#8220; header_font_size=&#8220;30px&#8220; body_font=&#8220;||||||||&#8220; body_font_size=&#8220;25px&#8220; background_color=&#8220;rgba(0,0,0,0.3)&#8220; background_enable_color=&#8220;on&#8220; background_image=&#8220;https:\/\/www.kappastar.com\/wp-content\/uploads\/2023\/01\/1130&#215;650-72-dpi-1.jpg&#8220; background_enable_image=&#8220;on&#8220; background_blend=&#8220;overlay&#8220; custom_button=&#8220;on&#8220; button_text_size=&#8220;14px&#8220; button_text_color=&#8220;#FFFFFF&#8220; button_bg_color=&#8220;#09347a&#8220; button_border_width=&#8220;0px&#8220; button_border_color=&#8220;#09347a&#8220; button_border_radius=&#8220;3px&#8220; button_font=&#8220;|600|||||||&#8220; button_use_icon=&#8220;off&#8220; button_alignment=&#8220;left&#8220; button_custom_margin=&#8220;||||false|false&#8220; button_custom_padding=&#8220;12px|35px|12px|35px|true|true&#8220; hover_enabled=&#8220;0&#8243; body_font_size_tablet=&#8220;25px&#8220; body_font_size_phone=&#8220;18px&#8220; body_font_size_last_edited=&#8220;on|phone&#8220; global_colors_info=&#8220;{}&#8220; button_bg_color__hover_enabled=&#8220;on|hover&#8220; button_bg_color__hover=&#8220;#0C71C3&#8243; button_bg_enable_color__hover=&#8220;on&#8220; button_border_color__hover_enabled=&#8220;on|hover&#8220; button_border_color__hover=&#8220;#0C71C3&#8243; sticky_transition=&#8220;on&#8220; title_text=&#8220;1130&#215;650-72-dpi&#8220; sticky_enabled=&#8220;0&#8243;]<\/p>\n<p class=\"slider-title\" style=\"text-align: left;\"><strong>EKOSTAR PAK<\/strong><\/p>\n<p style=\"text-align: left;\">Operater sistema upravljanja ambala\u017enim otpadom<\/p>\n<p>[\/et_pb_slide][et_pb_slide button_text=&#8220;SAZNAJTE VI\u0160E&#8220; button_link=&#8220;https:\/\/www.kappastar.com\/sr\/ksg-logistic-doo\/&#8220; _builder_version=&#8220;4.19.0&#8243; _module_preset=&#8220;default&#8220; header_level=&#8220;h1&#8243; header_text_align=&#8220;left&#8220; header_font_size=&#8220;30px&#8220; body_font=&#8220;||||||||&#8220; body_font_size=&#8220;25px&#8220; background_color=&#8220;rgba(0,0,0,0.3)&#8220; background_enable_color=&#8220;on&#8220; background_image=&#8220;https:\/\/www.kappastar.com\/wp-content\/uploads\/2022\/10\/ksg-logistics.jpg&#8220; background_enable_image=&#8220;on&#8220; background_blend=&#8220;overlay&#8220; custom_button=&#8220;on&#8220; button_text_size=&#8220;14px&#8220; button_text_color=&#8220;#FFFFFF&#8220; button_bg_color=&#8220;#09347a&#8220; button_border_width=&#8220;0px&#8220; button_border_color=&#8220;#09347a&#8220; button_border_radius=&#8220;3px&#8220; button_font=&#8220;|600|||||||&#8220; button_use_icon=&#8220;off&#8220; button_alignment=&#8220;left&#8220; button_custom_margin=&#8220;||||false|false&#8220; button_custom_padding=&#8220;12px|35px|12px|35px|true|true&#8220; body_font_size_tablet=&#8220;25px&#8220; body_font_size_phone=&#8220;18px&#8220; body_font_size_last_edited=&#8220;on|phone&#8220; global_colors_info=&#8220;{}&#8220; button_bg_color__hover_enabled=&#8220;on|hover&#8220; button_bg_color__hover=&#8220;#0C71C3&#8243; button_bg_enable_color__hover=&#8220;on&#8220; button_border_color__hover_enabled=&#8220;on|hover&#8220; button_border_color__hover=&#8220;#0C71C3&#8243; sticky_transition=&#8220;on&#8220;]<\/p>\n<p class=\"slider-title\" style=\"text-align: left;\"><strong>KSL LOGISTICS DOO<\/strong><\/p>\n<p style=\"text-align: left;\">KSG Logistics ima za cilj optimizaciju logisti\u010dkog lanca<\/p>\n<p>[\/et_pb_slide][\/et_pb_fullwidth_slider][\/et_pb_section][et_pb_section fb_built=&#8220;1&#8243; _builder_version=&#8220;4.18.0&#8243; _module_preset=&#8220;default&#8220; background_color=&#8220;#f8f9f9&#8243; saved_tabs=&#8220;all&#8220; global_colors_info=&#8220;{}&#8220;][et_pb_row column_structure=&#8220;1_3,1_3,1_3&#8243; _builder_version=&#8220;4.18.0&#8243; _module_preset=&#8220;default&#8220; global_colors_info=&#8220;{}&#8220;][et_pb_column type=&#8220;1_3&#8243; _builder_version=&#8220;4.18.0&#8243; _module_preset=&#8220;default&#8220; global_colors_info=&#8220;{}&#8220;][et_pb_blurb title=&#8220;<i class=%22fa-solid fa-industry%22><\/i> <span>KONDITORSKA INDUSTRIJA<\/span>&#8220; url=&#8220;https:\/\/www.kappastar.com\/sr\/fabrika-bisvita-i-keksa-jaffa-crvenka\/&#8220; image=&#8220;https:\/\/www.kappastar.com\/wp-content\/uploads\/2022\/10\/konditorska-industrija-722&#215;368-1.png&#8220; module_class=&#8220;pa-hover-blurb&#8220; _builder_version=&#8220;4.19.4&#8243; _module_preset=&#8220;default&#8220; header_font=&#8220;Montserrat|600|||||||&#8220; header_text_align=&#8220;center&#8220; background_color=&#8220;#FFFFFF&#8220; image_icon_custom_margin=&#8220;||||false|false&#8220; image_icon_custom_padding=&#8220;||||false|false&#8220; custom_margin=&#8220;||||false|false&#8220; custom_padding=&#8220;||3px||false|false&#8220; animation=&#8220;off&#8220; link_option_url=&#8220;https:\/\/www.kappastar.com\/sr\/fabrika-bisvita-i-keksa-jaffa-crvenka\/&#8220; global_colors_info=&#8220;{}&#8220;]<strong>Biskviti i keksi; slani krekeri<\/strong><\/p>\n<p>U konditorskoj industriji prisutni smo u celom svetu, sa fokusom na Adriatic regiju, uz poslovnu tradiciju du\u017eu od 45 godina. Ve\u0107 decenijama na\u0161i brendovi kao \u0161to su Jaffa Cakes, Munchmallow, Doma\u0107ica, Noblice, Kasato \u2013 predstavljaju sinonim kvaliteta i dobrog ukusa.<\/p>\n<p><a href=\"https:\/\/www.kappastar.com\/sr\/fabrika-bisvita-i-keksa-jaffa-crvenka\/\">SAZNAJTE VI\u0160E<\/a>[\/et_pb_blurb][\/et_pb_column][et_pb_column type=&#8220;1_3&#8243; _builder_version=&#8220;4.18.0&#8243; _module_preset=&#8220;default&#8220; global_colors_info=&#8220;{}&#8220;][et_pb_blurb title=&#8220;<i class=%22fa-solid fa-industry%22><\/i> <span>FABRIKA KARTONA UMKA<\/span>&#8220; image=&#8220;https:\/\/www.kappastar.com\/wp-content\/uploads\/2022\/11\/Umka2-mala.jpg&#8220; module_class=&#8220;pa-hover-blurb&#8220; _builder_version=&#8220;4.19.4&#8243; _module_preset=&#8220;default&#8220; header_font=&#8220;Montserrat|600|||||||&#8220; header_text_align=&#8220;center&#8220; body_text_color=&#8220;#898989&#8243; background_color=&#8220;#FFFFFF&#8220; image_icon_custom_margin=&#8220;||||false|false&#8220; image_icon_custom_padding=&#8220;||||false|false&#8220; custom_margin=&#8220;||||false|false&#8220; custom_padding=&#8220;||3px||false|false&#8220; animation=&#8220;off&#8220; global_colors_info=&#8220;{}&#8220;]<strong>Hromo karton na bazi recikliranog papira (GD2, GD3 i GT2 kvaliteta)<\/strong><\/p>\n<p>Fabrika katona Umka postoji od 1939. godine. Danas se mo\u017ee pohvaliti jednom od vode\u0107ih pozicija u proizvodnji ove vrste kartona u regionu Jugoisto\u010dne Evrope.<\/p>\n<p><a href=\"https:\/\/www.kappastar.com\/sr\/fabrika-kartona-umka\/\">SAZNAJTE VI\u0160E<\/a>[\/et_pb_blurb][\/et_pb_column][et_pb_column type=&#8220;1_3&#8243; _builder_version=&#8220;4.18.0&#8243; _module_preset=&#8220;default&#8220; global_colors_info=&#8220;{}&#8220;][et_pb_blurb title=&#8220;<i class=%22fa-solid fa-industry%22><\/i> <span>KAPPASTAR RECYCLING<\/span>&#8220; image=&#8220;https:\/\/www.kappastar.com\/wp-content\/uploads\/2022\/11\/papir-servis-mala.jpg&#8220; module_class=&#8220;pa-hover-blurb&#8220; _builder_version=&#8220;4.19.4&#8243; _module_preset=&#8220;default&#8220; header_font=&#8220;Montserrat|600|||||||&#8220; header_text_align=&#8220;center&#8220; background_color=&#8220;#FFFFFF&#8220; image_icon_custom_margin=&#8220;||||false|false&#8220; image_icon_custom_padding=&#8220;||||false|false&#8220; custom_margin=&#8220;||||false|false&#8220; custom_padding=&#8220;||3px||false|false&#8220; animation=&#8220;off&#8220; global_colors_info=&#8220;{}&#8220;]<strong>Ovla\u0161\u0107eni Operater za sakupljanje, transport, skladistenje i tretman neopasnog otpada.<\/strong><\/p>\n<p><strong><\/strong><\/p>\n<p><strong><\/strong><\/p>\n<p><strong><\/strong><\/p>\n<p><a href=\"https:\/\/www.kappastar.com\/sr\/kappastar-recycling-eng\/\">SAZNAJTE VI\u0160E<\/a>[\/et_pb_blurb][\/et_pb_column][\/et_pb_row][et_pb_row column_structure=&#8220;1_3,1_3,1_3&#8243; _builder_version=&#8220;4.18.0&#8243; _module_preset=&#8220;default&#8220; global_colors_info=&#8220;{}&#8220;][et_pb_column type=&#8220;1_3&#8243; _builder_version=&#8220;4.18.0&#8243; _module_preset=&#8220;default&#8220; global_colors_info=&#8220;{}&#8220;][et_pb_blurb title=&#8220;<i class=%22fa-solid fa-industry%22><\/i> <span>EKOSTAR PAK<\/span>&#8220; image=&#8220;https:\/\/www.kappastar.com\/wp-content\/uploads\/2022\/11\/ekostar-pak-722&#215;368-1.jpg&#8220; module_class=&#8220;pa-hover-blurb&#8220; _builder_version=&#8220;4.19.4&#8243; _module_preset=&#8220;default&#8220; header_font=&#8220;Montserrat|600|||||||&#8220; header_text_align=&#8220;center&#8220; background_color=&#8220;#FFFFFF&#8220; image_icon_custom_margin=&#8220;||||false|false&#8220; image_icon_custom_padding=&#8220;||||false|false&#8220; custom_margin=&#8220;||||false|false&#8220; custom_padding=&#8220;||3px||false|false&#8220; animation=&#8220;off&#8220; global_colors_info=&#8220;{}&#8220;]<strong>Operater sistema upravljanja ambala\u017enim otpadom.<\/strong><\/p>\n<p>Od svog osnivanja 2010. godine osnovna deltanost Ekostar Pak-a je upravljanje ambala\u017enim otpadom.<\/p>\n<p><a href=\"https:\/\/www.kappastar.com\/sr\/ekostar-pak\/\">SAZNAJTE VI\u0160E<\/a>[\/et_pb_blurb][\/et_pb_column][et_pb_column type=&#8220;1_3&#8243; _builder_version=&#8220;4.18.0&#8243; _module_preset=&#8220;default&#8220; global_colors_info=&#8220;{}&#8220;][et_pb_blurb title=&#8220;<i class=%22fa-solid fa-industry%22><\/i> <span>KSG LOGISTICS DOO<\/span>&#8220; image=&#8220;https:\/\/www.kappastar.com\/wp-content\/uploads\/2023\/01\/ksg-logistic-small.jpg&#8220; module_class=&#8220;pa-hover-blurb&#8220; _builder_version=&#8220;4.19.4&#8243; _module_preset=&#8220;default&#8220; header_font=&#8220;Montserrat|600|||||||&#8220; header_text_align=&#8220;center&#8220; background_color=&#8220;#FFFFFF&#8220; image_icon_custom_margin=&#8220;||||false|false&#8220; image_icon_custom_padding=&#8220;||||false|false&#8220; custom_margin=&#8220;||||false|false&#8220; custom_padding=&#8220;||3px||false|false&#8220; animation=&#8220;off&#8220; global_colors_info=&#8220;{}&#8220;]<\/p>\n<p><strong>Tip proizvodnje\/usluge: Logisti\u010dke usluge<\/strong><\/p>\n<p><span>KSG Logistics je kompanija \u010dija je osnovna delatnost pru\u017eanje logisti\u010dkih usluga sa godi\u0161njom realizacijom od oko 30.000 punih kamionskih utovara.<\/span><\/p>\n<p><a href=\"https:\/\/www.kappastar.com\/sr\/ksg-logistic-doo\/\">SAZNAJTE VI\u0160E<\/a><\/p>\n<p>[\/et_pb_blurb][\/et_pb_column][et_pb_column type=&#8220;1_3&#8243; _builder_version=&#8220;4.18.0&#8243; _module_preset=&#8220;default&#8220; global_colors_info=&#8220;{}&#8220;][\/et_pb_column][\/et_pb_row][\/et_pb_section]<\/p>\n","protected":false},"excerpt":{"rendered":"<p>KAPPASTAR grupa je investiciona kompanijasa Kipra, koju \u010dini 5 \u010dlanica.KONDITORSKAINDUSTRIJA Biskviti i keksi; slani krekeriUMKA FABRIKAKARTONA Hromo karton na bazi recikliranog papira (GD2, GD3 i GT2 kvaliteta)KAPPASTARRECYCLING Ovla\u0161\u0107eni Operater za sakupljanje, transport, skladi\u0161tenje i tretman neopasnog otpadaEKOSTAR PAK Operater sistema upravljanja ambala\u017enim otpadomKSL LOGISTICS DOO KSG Logistics ima za cilj optimizaciju logisti\u010dkog lancaBiskviti i keksi; [&hellip;]<\/p>\n","protected":false},"author":3,"featured_media":0,"parent":0,"menu_order":0,"comment_status":"closed","ping_status":"closed","template":"","meta":{"_et_pb_use_builder":"on","_et_pb_old_content":"","_et_gb_content_width":"","footnotes":""},"class_list":["post-710","page","type-page","status-publish","hentry"],"_links":{"self":[{"href":"https:\/\/www.kappastar.com\/sr\/wp-json\/wp\/v2\/pages\/710","targetHints":{"allow":["GET"]}}],"collection":[{"href":"https:\/\/www.kappastar.com\/sr\/wp-json\/wp\/v2\/pages"}],"about":[{"href":"https:\/\/www.kappastar.com\/sr\/wp-json\/wp\/v2\/types\/page"}],"author":[{"embeddable":true,"href":"https:\/\/www.kappastar.com\/sr\/wp-json\/wp\/v2\/users\/3"}],"replies":[{"embeddable":true,"href":"https:\/\/www.kappastar.com\/sr\/wp-json\/wp\/v2\/comments?post=710"}],"version-history":[{"count":83,"href":"https:\/\/www.kappastar.com\/sr\/wp-json\/wp\/v2\/pages\/710\/revisions"}],"predecessor-version":[{"id":1060,"href":"https:\/\/www.kappastar.com\/sr\/wp-json\/wp\/v2\/pages\/710\/revisions\/1060"}],"wp:attachment":[{"href":"https:\/\/www.kappastar.com\/sr\/wp-json\/wp\/v2\/media?parent=710"}],"curies":[{"name":"wp","href":"https:\/\/api.w.org\/{rel}","templated":true}]}}