{"id":860,"date":"2022-11-01T09:13:18","date_gmt":"2022-11-01T09:13:18","guid":{"rendered":"https:\/\/www.kappastar.com\/o-nama\/"},"modified":"2022-11-21T10:54:32","modified_gmt":"2022-11-21T10:54:32","slug":"o-nama","status":"publish","type":"page","link":"https:\/\/www.kappastar.com\/sr\/o-nama\/","title":{"rendered":"O Nama"},"content":{"rendered":"<p>[et_pb_section fb_built=&#8220;1&#8243; _builder_version=&#8220;4.19.0&#8243; _module_preset=&#8220;default&#8220; background_color=&#8220;#f8f9f9&#8243; border_width_bottom=&#8220;1px&#8220; border_color_bottom=&#8220;#eeeeee&#8220; global_colors_info=&#8220;{}&#8220;][et_pb_row _builder_version=&#8220;4.18.0&#8243; _module_preset=&#8220;default&#8220; global_colors_info=&#8220;{}&#8220;][et_pb_column type=&#8220;4_4&#8243; _builder_version=&#8220;4.18.0&#8243; _module_preset=&#8220;default&#8220; global_colors_info=&#8220;{}&#8220;][et_pb_text _builder_version=&#8220;4.19.0&#8243; _module_preset=&#8220;default&#8220; header_font=&#8220;Montserrat||||||||&#8220; header_font_size=&#8220;36px&#8220; custom_padding=&#8220;||||false|false&#8220; global_colors_info=&#8220;{}&#8220;]<\/p>\n<h1 style=\"text-align: center;\">O NAMA<\/h1>\n<p>[\/et_pb_text][\/et_pb_column][\/et_pb_row][\/et_pb_section][et_pb_section fb_built=&#8220;1&#8243; _builder_version=&#8220;4.18.0&#8243; _module_preset=&#8220;default&#8220; global_colors_info=&#8220;{}&#8220;][et_pb_row column_structure=&#8220;1_2,1_2&#8243; _builder_version=&#8220;4.18.0&#8243; _module_preset=&#8220;default&#8220; global_colors_info=&#8220;{}&#8220;][et_pb_column type=&#8220;1_2&#8243; _builder_version=&#8220;4.18.0&#8243; _module_preset=&#8220;default&#8220; global_colors_info=&#8220;{}&#8220;][et_pb_text _builder_version=&#8220;4.19.0&#8243; _module_preset=&#8220;default&#8220; header_2_font=&#8220;|600|||||||&#8220; hover_enabled=&#8220;0&#8243; global_colors_info=&#8220;{}&#8220; header_2_font_size=&#8220;24px&#8220; sticky_enabled=&#8220;0&#8243;]<\/p>\n<h2 class=\"title\">Kappa Star Group<\/h2>\n<p>[\/et_pb_text][et_pb_text _builder_version=&#8220;4.19.0&#8243; _module_preset=&#8220;default&#8220; hover_enabled=&#8220;0&#8243; global_colors_info=&#8220;{}&#8220; sticky_enabled=&#8220;0&#8243;]<\/p>\n<p><span style=\"color: #000000;\"><em><strong>KAPPA STAR grupa je investiciona kompanija, koju \u010dini 5 \u010dlanica:<\/strong><\/em><\/span><\/p>\n<p><span style=\"color: #000000;\"><em><strong> Fabrika kartona Umka \u2013 Beograd, Confectionary industry \u2013 Biscuits and cookies, salty crackers \u2013 Crvenka, Kappastar Recycling \u2013 Beograd, Ekostar Pak \u2013 Beograd i KSG Logistics doo.<\/strong><\/em><\/span><\/p>\n<p><span> <\/span><span>\u010clanice Kappa Star Ltd grupe svrstavaju se u vode\u0107e proizvo\u0111ace u okviru delatnosti u kojima posluju.<\/span><\/p>\n<p><span> <\/span><span>Uspeh Kappa Star Ltd grupe, od njenog osnivanja do danas, zasnovan je na posve\u0107enosti proizvodnji, usmerenosti na potrebe kupaca njenih proizvoda, stalnom ulaganju u savremenu opremu za proizvodnju, razvoju kadrova, kao i u bogatom iskustvu i predanom radu zaposlenih.<\/span><\/p>\n<p><span> <\/span><span>Kappa Star Ltd grupa je dinami\u010dna organizacija, u procesu stalnog usavr\u0161avanja i rasta.<\/span><\/p>\n<p>[\/et_pb_text][\/et_pb_column][et_pb_column type=&#8220;1_2&#8243; _builder_version=&#8220;4.18.0&#8243; _module_preset=&#8220;default&#8220; global_colors_info=&#8220;{}&#8220;][et_pb_slider _builder_version=&#8220;4.18.0&#8243; _module_preset=&#8220;default&#8220; custom_padding=&#8220;||280px|||&#8220; global_colors_info=&#8220;{}&#8220;][et_pb_slide _builder_version=&#8220;4.18.0&#8243; _module_preset=&#8220;default&#8220; background_video_mp4=&#8220;https:\/\/www.kappastar.com\/wp-content\/uploads\/2022\/10\/KappaStar-Header-Video-04_1.webm&#8220; background_enable_video_mp4=&#8220;on&#8220; global_colors_info=&#8220;{}&#8220; sticky_transition=&#8220;on&#8220;][\/et_pb_slide][\/et_pb_slider][\/et_pb_column][\/et_pb_row][\/et_pb_section][et_pb_section fb_built=&#8220;1&#8243; _builder_version=&#8220;4.18.0&#8243; _module_preset=&#8220;default&#8220; global_colors_info=&#8220;{}&#8220;][et_pb_row _builder_version=&#8220;4.18.0&#8243; _module_preset=&#8220;default&#8220; global_colors_info=&#8220;{}&#8220;][et_pb_column type=&#8220;4_4&#8243; _builder_version=&#8220;4.18.0&#8243; _module_preset=&#8220;default&#8220; global_colors_info=&#8220;{}&#8220;][et_pb_text _builder_version=&#8220;4.18.0&#8243; _module_preset=&#8220;default&#8220; header_2_font=&#8220;|600|||||||&#8220; global_colors_info=&#8220;{}&#8220;]<\/p>\n<h2 class=\"title\">CILJEVI<\/h2>\n<p>[\/et_pb_text][et_pb_text _builder_version=&#8220;4.18.0&#8243; _module_preset=&#8220;default&#8220; global_colors_info=&#8220;{}&#8220;]<\/p>\n<ul class=\"list-circle\">\n<li><span>Pove\u0107anje obima i asortimana proizvodnje radi izla\u017eenja u susret rastu\u0107im potrebama kupaca<\/span><\/li>\n<li><span>Izgradnja odnosa poverenja i bliskosti sa kupcima nase robe<\/span><\/li>\n<li><span>Inovacija proizvoda i procesa proizvodnje u skladu sa savremenim trendovima<\/span><\/li>\n<li><span>Pove\u0107anje prisutnosti proizvoda Kappa Star Ltd grupe na tr\u017ei\u0161tima u regionu<\/span><\/li>\n<li><span>\u2022 Prerastanje u regionalnog lidera u svim segmentima proizvodnje kojima se bave firme \u010dlanice Kappa Star Ltd grupe<\/span><\/li>\n<\/ul>\n<p>[\/et_pb_text][\/et_pb_column][\/et_pb_row][\/et_pb_section]<\/p>\n","protected":false},"excerpt":{"rendered":"<p>O NAMAKappa Star GroupKAPPA STAR grupa je investiciona kompanija, koju \u010dini 5 \u010dlanica: Fabrika kartona Umka \u2013 Beograd, Confectionary industry \u2013 Biscuits and cookies, salty crackers \u2013 Crvenka, Kappastar Recycling \u2013 Beograd, Ekostar Pak \u2013 Beograd i KSG Logistics doo. \u010clanice Kappa Star Ltd grupe svrstavaju se u vode\u0107e proizvo\u0111ace u okviru delatnosti u kojima [&hellip;]<\/p>\n","protected":false},"author":3,"featured_media":0,"parent":0,"menu_order":0,"comment_status":"closed","ping_status":"closed","template":"","meta":{"_et_pb_use_builder":"on","_et_pb_old_content":"","_et_gb_content_width":"","footnotes":""},"class_list":["post-860","page","type-page","status-publish","hentry"],"_links":{"self":[{"href":"https:\/\/www.kappastar.com\/sr\/wp-json\/wp\/v2\/pages\/860","targetHints":{"allow":["GET"]}}],"collection":[{"href":"https:\/\/www.kappastar.com\/sr\/wp-json\/wp\/v2\/pages"}],"about":[{"href":"https:\/\/www.kappastar.com\/sr\/wp-json\/wp\/v2\/types\/page"}],"author":[{"embeddable":true,"href":"https:\/\/www.kappastar.com\/sr\/wp-json\/wp\/v2\/users\/3"}],"replies":[{"embeddable":true,"href":"https:\/\/www.kappastar.com\/sr\/wp-json\/wp\/v2\/comments?post=860"}],"version-history":[{"count":2,"href":"https:\/\/www.kappastar.com\/sr\/wp-json\/wp\/v2\/pages\/860\/revisions"}],"predecessor-version":[{"id":862,"href":"https:\/\/www.kappastar.com\/sr\/wp-json\/wp\/v2\/pages\/860\/revisions\/862"}],"wp:attachment":[{"href":"https:\/\/www.kappastar.com\/sr\/wp-json\/wp\/v2\/media?parent=860"}],"curies":[{"name":"wp","href":"https:\/\/api.w.org\/{rel}","templated":true}]}}