{"id":863,"date":"2022-11-01T09:13:36","date_gmt":"2022-11-01T09:13:36","guid":{"rendered":"https:\/\/www.kappastar.com\/kompanije\/"},"modified":"2025-11-03T10:03:50","modified_gmt":"2025-11-03T10:03:50","slug":"kompanije","status":"publish","type":"page","link":"https:\/\/www.kappastar.com\/sr\/kompanije\/","title":{"rendered":"Kompanije"},"content":{"rendered":"<p>[et_pb_section fb_built=&#8220;1&#8243; _builder_version=&#8220;4.19.0&#8243; _module_preset=&#8220;default&#8220; background_color=&#8220;#f8f9f9&#8243; border_width_bottom=&#8220;1px&#8220; border_color_bottom=&#8220;#eeeeee&#8220; global_colors_info=&#8220;{}&#8220;][et_pb_row _builder_version=&#8220;4.18.0&#8243; _module_preset=&#8220;default&#8220; global_colors_info=&#8220;{}&#8220;][et_pb_column type=&#8220;4_4&#8243; _builder_version=&#8220;4.18.0&#8243; _module_preset=&#8220;default&#8220; global_colors_info=&#8220;{}&#8220;][et_pb_text _builder_version=&#8220;4.19.0&#8243; _module_preset=&#8220;default&#8220; header_font=&#8220;Montserrat||||||||&#8220; header_font_size=&#8220;36px&#8220; custom_padding=&#8220;||||false|false&#8220; global_colors_info=&#8220;{}&#8220;]<\/p>\n<h1 style=\"text-align: center;\">KOMPANIJE<\/h1>\n<p>[\/et_pb_text][\/et_pb_column][\/et_pb_row][\/et_pb_section][et_pb_section fb_built=&#8220;1&#8243; _builder_version=&#8220;4.18.0&#8243; _module_preset=&#8220;default&#8220; background_color=&#8220;#f8f9f9&#8243; global_colors_info=&#8220;{}&#8220;][et_pb_row column_structure=&#8220;1_3,1_3,1_3&#8243; _builder_version=&#8220;4.18.0&#8243; _module_preset=&#8220;default&#8220; global_colors_info=&#8220;{}&#8220;][et_pb_column type=&#8220;1_3&#8243; _builder_version=&#8220;4.18.0&#8243; _module_preset=&#8220;default&#8220; global_colors_info=&#8220;{}&#8220;][et_pb_blurb title=&#8220;<i class=%22%22fa-solid%22 fa-industry=%22%22><\/i> <span style=%22%22padding-left:%22>KONDITORSKA INDUSTRIJA<\/span>&#8220; url=&#8220;https:\/\/www.kappastar.com\/sr\/fabrika-bisvita-i-keksa-jaffa-crvenka\/&#8220; image=&#8220;https:\/\/www.kappastar.com\/wp-content\/uploads\/2022\/10\/konditorska-industrija-722&#215;368-1.png&#8220; module_class=&#8220;pa-hover-blurb&#8220; _builder_version=&#8220;4.19.0&#8243; _module_preset=&#8220;default&#8220; header_text_align=&#8220;center&#8220; background_color=&#8220;#FFFFFF&#8220; image_icon_custom_margin=&#8220;||||false|false&#8220; image_icon_custom_padding=&#8220;||||false|false&#8220; custom_margin=&#8220;||||false|false&#8220; custom_padding=&#8220;||3px||false|false&#8220; animation=&#8220;off&#8220; link_option_url=&#8220;https:\/\/www.kappastar.com\/sr\/fabrika-bisvita-i-keksa-jaffa-crvenka\/&#8220; hover_enabled=&#8220;0&#8243; global_colors_info=&#8220;{}&#8220; sticky_enabled=&#8220;0&#8243;]<\/p>\n<p><strong>Biskviti i keksi, slani krekeri<\/strong><\/p>\n<p>U konditorskoj industriji prisutni smo u celom svetu, sa fokusom na Adriatic regiju, uz poslovnu tradiciju du\u017eu od 45 godina. Ve\u0107 decenijama na\u0161i brendovi kao \u0161to su Jaffa Cakes, Munchmallow, Doma\u0107ica, Noblice, Kasato \u2013 predstavljaju sinonim kvaliteta i dobrog ukusa.<\/p>\n<p><a href=\"https:\/\/www.kappastar.com\/sr\/fabrika-bisvita-i-keksa-jaffa-crvenka\/\">SAZNAJTE VI\u0160E<\/a><\/p>\n<p>[\/et_pb_blurb][\/et_pb_column][et_pb_column type=&#8220;1_3&#8243; _builder_version=&#8220;4.18.0&#8243; _module_preset=&#8220;default&#8220; global_colors_info=&#8220;{}&#8220;][et_pb_blurb title=&#8220;<i class=%22fa-solid fa-industry%22><\/i> <span>FABRIKA KARTONA UMKA<\/span>&#8220; image=&#8220;https:\/\/www.kappastar.com\/wp-content\/uploads\/2022\/11\/Umka2-mala.jpg&#8220; module_class=&#8220;pa-hover-blurb&#8220; _builder_version=&#8220;4.27.4&#8243; _module_preset=&#8220;default&#8220; header_text_align=&#8220;center&#8220; background_color=&#8220;#FFFFFF&#8220; image_icon_custom_margin=&#8220;||||false|false&#8220; image_icon_custom_padding=&#8220;||||false|false&#8220; custom_margin=&#8220;||||false|false&#8220; custom_padding=&#8220;||3px||false|false&#8220; animation=&#8220;off&#8220; hover_enabled=&#8220;0&#8243; global_colors_info=&#8220;{}&#8220; sticky_enabled=&#8220;0&#8243;]<\/p>\n<p><strong>Hromo karton na bazi recikliranog papira (GD2, GD3 i GT2 kvaliteta)<\/strong><\/p>\n<p>Fabrika katona Umka postoji od 1939. godine. Danas se mo\u017ee pohvaliti jednom od vode\u0107ih pozicija u proizvodnji ove vrste kartona u regionu Jugoisto\u010dne Evrope.<\/p>\n<p><a href=\"https:\/\/www.kappastar.com\/sr\/fabrika-kartona-umka\/\">SAZNAJTE VI\u0160E<\/a><\/p>\n<p>[\/et_pb_blurb][\/et_pb_column][et_pb_column type=&#8220;1_3&#8243; _builder_version=&#8220;4.18.0&#8243; _module_preset=&#8220;default&#8220; global_colors_info=&#8220;{}&#8220;][et_pb_blurb title=&#8220;<i class=%22%22fa-solid%22 fa-industry=%22%22><\/i> <span style=%22%22padding-left:%22>KAPPASTAR RECYCLING<\/span>&#8220; image=&#8220;https:\/\/www.kappastar.com\/wp-content\/uploads\/2022\/11\/papir-servis-mala.jpg&#8220; module_class=&#8220;pa-hover-blurb&#8220; _builder_version=&#8220;4.19.0&#8243; _module_preset=&#8220;default&#8220; header_text_align=&#8220;center&#8220; background_color=&#8220;#FFFFFF&#8220; image_icon_custom_margin=&#8220;||||false|false&#8220; image_icon_custom_padding=&#8220;||||false|false&#8220; custom_margin=&#8220;||||false|false&#8220; custom_padding=&#8220;||3px||false|false&#8220; animation=&#8220;off&#8220; global_colors_info=&#8220;{}&#8220;]<\/p>\n<p><strong>Ovla\u0161\u0107eni Operater za sakupljanje, transport, skladistenje i tretman neopasnog otpada.<\/strong><\/p>\n<p><strong><\/strong><\/p>\n<p><strong><\/strong><\/p>\n<p><strong><\/strong><\/p>\n<p><a href=\"https:\/\/www.kappastar.com\/sr\/kappastar-recycling-eng\/\">SAZNAJTE VI\u0160E<\/a><\/p>\n<p>[\/et_pb_blurb][\/et_pb_column][\/et_pb_row][et_pb_row column_structure=&#8220;1_3,1_3,1_3&#8243; _builder_version=&#8220;4.18.0&#8243; _module_preset=&#8220;default&#8220; global_colors_info=&#8220;{}&#8220;][et_pb_column type=&#8220;1_3&#8243; _builder_version=&#8220;4.18.0&#8243; _module_preset=&#8220;default&#8220; global_colors_info=&#8220;{}&#8220;][et_pb_blurb title=&#8220;<i class=%22%22fa-solid%22 fa-industry=%22%22><\/i> <span style=%22%22padding-left:%22>EKOSTAR PAK<\/span>&#8220; image=&#8220;https:\/\/www.kappastar.com\/wp-content\/uploads\/2023\/01\/722&#215;368-100-dpi.jpg&#8220; module_class=&#8220;pa-hover-blurb&#8220; _builder_version=&#8220;4.19.4&#8243; _module_preset=&#8220;default&#8220; header_text_align=&#8220;center&#8220; background_color=&#8220;#FFFFFF&#8220; image_icon_custom_margin=&#8220;||||false|false&#8220; image_icon_custom_padding=&#8220;||||false|false&#8220; custom_margin=&#8220;||||false|false&#8220; custom_padding=&#8220;||3px||false|false&#8220; animation=&#8220;off&#8220; global_colors_info=&#8220;{}&#8220;]<\/p>\n<p><strong>Operater sistema upravljanja ambala\u017enim otpadom.<\/strong><\/p>\n<p>Od svog osnivanja 2010. godine osnovna deltanost Ekostar Pak-a je upravljanje ambala\u017enim otpadom.<\/p>\n<p><a href=\"https:\/\/www.kappastar.com\/sr\/ekostar-pak\/\">SAZNAJTE VI\u0160E<\/a><\/p>\n<p>[\/et_pb_blurb][\/et_pb_column][et_pb_column type=&#8220;1_3&#8243; _builder_version=&#8220;4.18.0&#8243; _module_preset=&#8220;default&#8220; global_colors_info=&#8220;{}&#8220;][et_pb_blurb title=&#8220;<i class=%22%22fa-solid%22 fa-industry=%22%22><\/i> <span style=%22%22padding-left:%22>KSG LOGISTICS DOO<\/span>&#8220; image=&#8220;https:\/\/www.kappastar.com\/wp-content\/uploads\/2023\/01\/ksg-logistic-small.jpg&#8220; module_class=&#8220;pa-hover-blurb&#8220; _builder_version=&#8220;4.19.4&#8243; _module_preset=&#8220;default&#8220; header_text_align=&#8220;center&#8220; background_color=&#8220;#FFFFFF&#8220; image_icon_custom_margin=&#8220;||||false|false&#8220; image_icon_custom_padding=&#8220;||||false|false&#8220; custom_margin=&#8220;||||false|false&#8220; custom_padding=&#8220;||3px||false|false&#8220; animation=&#8220;off&#8220; global_colors_info=&#8220;{}&#8220;]<\/p>\n<p><strong>Tip proizvodnje\/usluge: Logisti\u010dke usluge<\/strong><\/p>\n<p><span>KSG Logistics je kompanija \u010dija je osnovna delatnost pru\u017eanje logisti\u010dkih usluga sa godi\u0161njom realizacijom od oko 30.000 punih kamionskih utovara.<\/span><\/p>\n<p><a href=\"https:\/\/www.kappastar.com\/sr\/ksg-logistic-doo\/\">SAZNAJTE VI\u0160E<\/a><\/p>\n<p>[\/et_pb_blurb][\/et_pb_column][et_pb_column type=&#8220;1_3&#8243; _builder_version=&#8220;4.18.0&#8243; _module_preset=&#8220;default&#8220; global_colors_info=&#8220;{}&#8220;][\/et_pb_column][\/et_pb_row][\/et_pb_section]<\/p>\n","protected":false},"excerpt":{"rendered":"<p>KOMPANIJEBiskviti i keksi, slani krekeri U konditorskoj industriji prisutni smo u celom svetu, sa fokusom na Adriatic regiju, uz poslovnu tradiciju du\u017eu od 45 godina. Ve\u0107 decenijama na\u0161i brendovi kao \u0161to su Jaffa Cakes, Munchmallow, Doma\u0107ica, Noblice, Kasato \u2013 predstavljaju sinonim kvaliteta i dobrog ukusa. SAZNAJTE VI\u0160EHromo karton na bazi recikliranog papira (GD2, GD3 i [&hellip;]<\/p>\n","protected":false},"author":3,"featured_media":0,"parent":0,"menu_order":0,"comment_status":"closed","ping_status":"closed","template":"","meta":{"_et_pb_use_builder":"on","_et_pb_old_content":"","_et_gb_content_width":"","footnotes":""},"class_list":["post-863","page","type-page","status-publish","hentry"],"_links":{"self":[{"href":"https:\/\/www.kappastar.com\/sr\/wp-json\/wp\/v2\/pages\/863","targetHints":{"allow":["GET"]}}],"collection":[{"href":"https:\/\/www.kappastar.com\/sr\/wp-json\/wp\/v2\/pages"}],"about":[{"href":"https:\/\/www.kappastar.com\/sr\/wp-json\/wp\/v2\/types\/page"}],"author":[{"embeddable":true,"href":"https:\/\/www.kappastar.com\/sr\/wp-json\/wp\/v2\/users\/3"}],"replies":[{"embeddable":true,"href":"https:\/\/www.kappastar.com\/sr\/wp-json\/wp\/v2\/comments?post=863"}],"version-history":[{"count":18,"href":"https:\/\/www.kappastar.com\/sr\/wp-json\/wp\/v2\/pages\/863\/revisions"}],"predecessor-version":[{"id":1135,"href":"https:\/\/www.kappastar.com\/sr\/wp-json\/wp\/v2\/pages\/863\/revisions\/1135"}],"wp:attachment":[{"href":"https:\/\/www.kappastar.com\/sr\/wp-json\/wp\/v2\/media?parent=863"}],"curies":[{"name":"wp","href":"https:\/\/api.w.org\/{rel}","templated":true}]}}