{"id":874,"date":"2022-11-07T10:55:18","date_gmt":"2022-11-07T10:55:18","guid":{"rendered":"https:\/\/www.kappastar.com\/fabrika-bisvita-i-keksa-jaffa-crvenka\/"},"modified":"2024-02-14T14:20:53","modified_gmt":"2024-02-14T14:20:53","slug":"fabrika-bisvita-i-keksa-jaffa-crvenka","status":"publish","type":"page","link":"https:\/\/www.kappastar.com\/sr\/fabrika-bisvita-i-keksa-jaffa-crvenka\/","title":{"rendered":"Fabrika bisvita i keksa Jaffa Crvenka"},"content":{"rendered":"<p>[et_pb_section fb_built=&#8220;1&#8243; _builder_version=&#8220;4.19.0&#8243; _module_preset=&#8220;default&#8220; background_color=&#8220;#f8f9f9&#8243; border_width_bottom=&#8220;1px&#8220; border_color_bottom=&#8220;#eeeeee&#8220; global_colors_info=&#8220;{}&#8220;][et_pb_row _builder_version=&#8220;4.18.0&#8243; _module_preset=&#8220;default&#8220; global_colors_info=&#8220;{}&#8220;][et_pb_column type=&#8220;4_4&#8243; _builder_version=&#8220;4.18.0&#8243; _module_preset=&#8220;default&#8220; global_colors_info=&#8220;{}&#8220;][et_pb_text _builder_version=&#8220;4.19.1&#8243; _module_preset=&#8220;default&#8220; header_font=&#8220;Montserrat||||||||&#8220; header_font_size=&#8220;36px&#8220; custom_padding=&#8220;||||false|false&#8220; global_colors_info=&#8220;{}&#8220;]<\/p>\n<h1 style=\"text-align: center;\">KONDITORSKA INDUSTRIJA<\/h1>\n<p>[\/et_pb_text][\/et_pb_column][\/et_pb_row][\/et_pb_section][et_pb_section fb_built=&#8220;1&#8243; _builder_version=&#8220;4.18.0&#8243; _module_preset=&#8220;default&#8220; custom_padding=&#8220;0px|||||&#8220; global_colors_info=&#8220;{}&#8220;][et_pb_row column_structure=&#8220;1_4,3_4&#8243; _builder_version=&#8220;4.18.0&#8243; _module_preset=&#8220;default&#8220; custom_padding=&#8220;0px|||||&#8220; global_colors_info=&#8220;{}&#8220;][et_pb_column type=&#8220;1_4&#8243; _builder_version=&#8220;4.18.0&#8243; _module_preset=&#8220;default&#8220; global_colors_info=&#8220;{}&#8220;][et_pb_sidebar _builder_version=&#8220;4.18.0&#8243; _module_preset=&#8220;default&#8220; module_alignment=&#8220;left&#8220; custom_margin=&#8220;||||false|false&#8220; custom_padding=&#8220;|0px|||false|false&#8220; global_colors_info=&#8220;{}&#8220;][\/et_pb_sidebar][et_pb_code _builder_version=&#8220;4.19.1&#8243; _module_preset=&#8220;default&#8220; global_colors_info=&#8220;{}&#8220;]<\/p>\n<div class=\"office\"><!-- [et_pb_line_break_holder] -->    <\/p>\n<h3 class=\"naslov\">KANCELARIJA<\/h3>\n<p><!-- [et_pb_line_break_holder] -->    <\/p>\n<ul class=\"side-bar\"><!-- [et_pb_line_break_holder] -->       <\/p>\n<li class=\"\"><!-- [et_pb_line_break_holder] -->           <i class=\"fa fa-map-marker\"><\/i><span>Cronos Court, Office 73, 1077 Nicosia, Cyprus<\/span>      <!-- [et_pb_line_break_holder] -->      <\/li>\n<p><!-- [et_pb_line_break_holder] -->      <\/p>\n<li class=\"\"><!-- [et_pb_line_break_holder] -->           <i class=\"fa fa-phone\"><\/i><span>+357-22001485<\/span>      <!-- [et_pb_line_break_holder] -->      <\/li>\n<p><!-- [et_pb_line_break_holder] -->      <\/p>\n<li class=\"\"><!-- [et_pb_line_break_holder] -->           <i class=\"fa fa-fax\"><\/i><span>+357-22001486<\/span>      <!-- [et_pb_line_break_holder] -->      <\/li>\n<p><!-- [et_pb_line_break_holder] -->      <\/p>\n<li class=\"\"><!-- [et_pb_line_break_holder] -->           <i class=\"fa fa-envelope\"><\/i><span>office@kappastar.com.cy<\/span>      <!-- [et_pb_line_break_holder] -->      <\/li>\n<p>   <!-- [et_pb_line_break_holder] -->    <\/ul>\n<p><!-- [et_pb_line_break_holder] --><\/div>\n<p>[\/et_pb_code][\/et_pb_column][et_pb_column type=&#8220;3_4&#8243; _builder_version=&#8220;4.18.0&#8243; _module_preset=&#8220;default&#8220; global_colors_info=&#8220;{}&#8220;][et_pb_slider _builder_version=&#8220;4.18.0&#8243; _module_preset=&#8220;default&#8220; min_height=&#8220;453.9px&#8220; custom_margin=&#8220;33px||||false|false&#8220; custom_padding=&#8220;||0px|||&#8220; global_colors_info=&#8220;{}&#8220;][et_pb_slide _builder_version=&#8220;4.18.0&#8243; _module_preset=&#8220;default&#8220; background_image=&#8220;https:\/\/www.kappastar.com\/wp-content\/uploads\/2022\/11\/jaffa3.jpg&#8220; background_enable_image=&#8220;on&#8220; global_colors_info=&#8220;{}&#8220; sticky_transition=&#8220;on&#8220;][\/et_pb_slide][et_pb_slide _builder_version=&#8220;4.18.0&#8243; _module_preset=&#8220;default&#8220; background_image=&#8220;https:\/\/www.kappastar.com\/wp-content\/uploads\/2022\/11\/jaffa1-srednja.jpg&#8220; background_enable_image=&#8220;on&#8220; global_colors_info=&#8220;{}&#8220; sticky_transition=&#8220;on&#8220;][\/et_pb_slide][et_pb_slide _builder_version=&#8220;4.18.0&#8243; _module_preset=&#8220;default&#8220; background_image=&#8220;https:\/\/www.kappastar.com\/wp-content\/uploads\/2022\/11\/banini-05.jpg&#8220; background_enable_image=&#8220;on&#8220; global_colors_info=&#8220;{}&#8220; sticky_transition=&#8220;on&#8220;][\/et_pb_slide][et_pb_slide _builder_version=&#8220;4.18.0&#8243; _module_preset=&#8220;default&#8220; background_image=&#8220;https:\/\/www.kappastar.com\/wp-content\/uploads\/2022\/11\/banini-noblice-1-prosvetljeno.jpg&#8220; background_enable_image=&#8220;on&#8220; global_colors_info=&#8220;{}&#8220; sticky_transition=&#8220;on&#8220;][\/et_pb_slide][\/et_pb_slider][et_pb_text _builder_version=&#8220;4.24.0&#8243; _module_preset=&#8220;default&#8220; header_2_font=&#8220;|600|||||||&#8220; header_2_font_size=&#8220;24px&#8220; hover_enabled=&#8220;0&#8243; global_colors_info=&#8220;{}&#8220; sticky_enabled=&#8220;0&#8243;]<\/p>\n<h2 class=\"title\"><span>Konditorska Industrija<\/span><\/h2>\n<p><strong>Biskviti i keksi: slani krekeri<\/strong><\/p>\n<p><em> U konditorskoj industriji prisutni smo u celom svetu, sa fokusom na Adriatic regiju, uz poslovnu tradiciju du\u017eu od 45 godina. Ve\u0107 decenijama na\u0161i brendovi kao \u0161to su Jaffa Cakes, Munchmallow, Doma\u0107ica, Noblice, Kasato \u2013 predstavljaju sinonim kvaliteta i dobrog ukusa.<\/em><\/p>\n<p><span> <\/span><span>Jaffa Crvenka posluje jo\u0161 od davne 1975 i tokom decenijskog prisustva, iznedrila je neke od omiljenih brendova u ovom regionu \u2013 Jaffa Cakes, Munchmallow, Jaffa Napolitanke, Jaffa kola\u010di, Njamb, O\u2019 cake, Tak i Jaffa krem.<\/span><\/p>\n<p><span> <\/span><span>2017 godine kompaniji se pridru\u017euje i Banini, koji je jo\u0161 od 1979 jedan od lidera u proizvodnji konditorskih proizvoda u Adriatik regiji sa vode\u0107im brendovima kao \u0161to su Doma\u0107ica, Noblice, Doma\u0107ica, Toto, Kasato i Trik.<\/span><\/p>\n<p><span> <\/span><span>O kvalitetu i popularnosti na\u0161ih proizvoda svedo\u010de mnogobrojna istra\u017eivanja tr\u017ei\u0161ta, nagrade i kontinuirani pozitivni trendovi prodaje. Tokom godina postali smo prepoznatljivi po jedinstvenim proizvodima u kategoriji keksa i kola\u010da i slanih grickalica, a na\u0161i brendovi su prerasli u naziv za \u010ditavu generi\u010dku kategoriju.<\/span><\/p>\n<p><span> <\/span><span>Asortiman Jaffa Crvenke po\u0161tuje najzahtevnije sanitarne, higijenske i tehnolo\u0161ke procedure koje podrazumeva sertifikat HACCP. Pored sistema HACCP, ISO 9001, IFS i BRC Jaffa proizvodi imaju i Halal sertifikat. Banini asortiman je sertifikovan za standarde ISO 9001:2008, ISO 14001:2004, BSI OHSAS 18001:2007 i HACCP od juna 2005. godine. Pored toga, Banini proizvodi poseduju serfitikate za kvalitet I bezbednost BRC i IFS.<\/span><\/p>\n<p><span><a href=\"https:\/\/www.jaffa.rs\/en\/\" target=\"  _blank\" rel=\"noopener\">https:\/\/www.jaffa.rs\/en\/<\/a><\/span><\/p>\n<p><span><a href=\"https:\/\/banini.rs\/en\/\" target=\"  _blank\" rel=\"noopener\">https:\/\/banini.rs\/en\/<\/a><\/span><\/p>\n<p><span><\/span>[\/et_pb_text][\/et_pb_column][\/et_pb_row][\/et_pb_section]<\/p>\n","protected":false},"excerpt":{"rendered":"<p>KONDITORSKA INDUSTRIJAKonditorska Industrija Biskviti i keksi: slani krekeri U konditorskoj industriji prisutni smo u celom svetu, sa fokusom na Adriatic regiju, uz poslovnu tradiciju du\u017eu od 45 godina. Ve\u0107 decenijama na\u0161i brendovi kao \u0161to su Jaffa Cakes, Munchmallow, Doma\u0107ica, Noblice, Kasato \u2013 predstavljaju sinonim kvaliteta i dobrog ukusa. Jaffa Crvenka posluje jo\u0161 od davne 1975 [&hellip;]<\/p>\n","protected":false},"author":3,"featured_media":0,"parent":0,"menu_order":0,"comment_status":"closed","ping_status":"closed","template":"","meta":{"_et_pb_use_builder":"on","_et_pb_old_content":"","_et_gb_content_width":"","footnotes":""},"class_list":["post-874","page","type-page","status-publish","hentry"],"_links":{"self":[{"href":"https:\/\/www.kappastar.com\/sr\/wp-json\/wp\/v2\/pages\/874","targetHints":{"allow":["GET"]}}],"collection":[{"href":"https:\/\/www.kappastar.com\/sr\/wp-json\/wp\/v2\/pages"}],"about":[{"href":"https:\/\/www.kappastar.com\/sr\/wp-json\/wp\/v2\/types\/page"}],"author":[{"embeddable":true,"href":"https:\/\/www.kappastar.com\/sr\/wp-json\/wp\/v2\/users\/3"}],"replies":[{"embeddable":true,"href":"https:\/\/www.kappastar.com\/sr\/wp-json\/wp\/v2\/comments?post=874"}],"version-history":[{"count":24,"href":"https:\/\/www.kappastar.com\/sr\/wp-json\/wp\/v2\/pages\/874\/revisions"}],"predecessor-version":[{"id":1107,"href":"https:\/\/www.kappastar.com\/sr\/wp-json\/wp\/v2\/pages\/874\/revisions\/1107"}],"wp:attachment":[{"href":"https:\/\/www.kappastar.com\/sr\/wp-json\/wp\/v2\/media?parent=874"}],"curies":[{"name":"wp","href":"https:\/\/api.w.org\/{rel}","templated":true}]}}