{"id":897,"date":"2022-11-07T12:59:11","date_gmt":"2022-11-07T12:59:11","guid":{"rendered":"https:\/\/www.kappastar.com\/kappastar-recycling-eng\/"},"modified":"2022-11-30T21:16:34","modified_gmt":"2022-11-30T21:16:34","slug":"kappastar-recycling-eng","status":"publish","type":"page","link":"https:\/\/www.kappastar.com\/sr\/kappastar-recycling-eng\/","title":{"rendered":"Kappastar Recycling"},"content":{"rendered":"<p>[et_pb_section fb_built=&#8220;1&#8243; _builder_version=&#8220;4.19.1&#8243; _module_preset=&#8220;default&#8220; background_color=&#8220;#f8f9f9&#8243; custom_margin=&#8220;0px||0px||false|false&#8220; custom_padding=&#8220;||||false|false&#8220; border_width_bottom=&#8220;1px&#8220; border_color_bottom=&#8220;#eeeeee&#8220; global_colors_info=&#8220;{}&#8220;][et_pb_row _builder_version=&#8220;4.18.0&#8243; _module_preset=&#8220;default&#8220; global_colors_info=&#8220;{}&#8220;][et_pb_column type=&#8220;4_4&#8243; _builder_version=&#8220;4.18.0&#8243; _module_preset=&#8220;default&#8220; global_colors_info=&#8220;{}&#8220;][et_pb_text _builder_version=&#8220;4.19.1&#8243; _module_preset=&#8220;default&#8220; header_font=&#8220;Montserrat||||||||&#8220; header_font_size=&#8220;36px&#8220; custom_padding=&#8220;||||false|false&#8220; global_colors_info=&#8220;{}&#8220;]<\/p>\n<h1 style=\"text-align: center;\">KAPPASTAR RECYCLING<\/h1>\n<p>[\/et_pb_text][\/et_pb_column][\/et_pb_row][\/et_pb_section][et_pb_section fb_built=&#8220;1&#8243; _builder_version=&#8220;4.19.1&#8243; _module_preset=&#8220;default&#8220; custom_margin=&#8220;0px||||false|false&#8220; custom_padding=&#8220;0px|||||&#8220; global_colors_info=&#8220;{}&#8220;][et_pb_row column_structure=&#8220;1_4,3_4&#8243; _builder_version=&#8220;4.19.0&#8243; _module_preset=&#8220;default&#8220; custom_padding=&#8220;3px|||||&#8220; global_colors_info=&#8220;{}&#8220;][et_pb_column type=&#8220;1_4&#8243; _builder_version=&#8220;4.19.0&#8243; _module_preset=&#8220;default&#8220; global_colors_info=&#8220;{}&#8220;][et_pb_sidebar _builder_version=&#8220;4.18.0&#8243; _module_preset=&#8220;default&#8220; module_alignment=&#8220;left&#8220; custom_margin=&#8220;||||false|false&#8220; custom_padding=&#8220;|0px|||false|false&#8220; global_colors_info=&#8220;{}&#8220;][\/et_pb_sidebar][et_pb_code _builder_version=&#8220;4.19.1&#8243; _module_preset=&#8220;default&#8220; global_colors_info=&#8220;{}&#8220; theme_builder_area=&#8220;post_content&#8220;]<\/p>\n<div class=\"office\"><!-- [et_pb_line_break_holder] -->    <\/p>\n<h3 class=\"naslov\">KOMPANIJE<\/h3>\n<p><!-- [et_pb_line_break_holder] -->    <\/p>\n<ul class=\"side-bar\"><!-- [et_pb_line_break_holder] -->       <\/p>\n<li class=\"\"><!-- [et_pb_line_break_holder] -->           <i class=\"fa fa-map-marker\"><\/i><span>Cronos Court, Office 73, 1077 Nicosia, Cyprus<\/span>      <!-- [et_pb_line_break_holder] -->      <\/li>\n<p><!-- [et_pb_line_break_holder] -->      <\/p>\n<li class=\"\"><!-- [et_pb_line_break_holder] -->           <i class=\"fa fa-phone\"><\/i><span>+357-22001485<\/span>      <!-- [et_pb_line_break_holder] -->      <\/li>\n<p><!-- [et_pb_line_break_holder] -->      <\/p>\n<li class=\"\"><!-- [et_pb_line_break_holder] -->           <i class=\"fa fa-fax\"><\/i><span>+357-22001486<\/span>      <!-- [et_pb_line_break_holder] -->      <\/li>\n<p><!-- [et_pb_line_break_holder] -->      <\/p>\n<li class=\"\"><!-- [et_pb_line_break_holder] -->           <i class=\"fa fa-envelope\"><\/i><span>office@kappastar.com.cy<\/span>      <!-- [et_pb_line_break_holder] -->      <\/li>\n<p>   <!-- [et_pb_line_break_holder] -->    <\/ul>\n<p><!-- [et_pb_line_break_holder] --><\/div>\n<p>[\/et_pb_code][\/et_pb_column][et_pb_column type=&#8220;3_4&#8243; _builder_version=&#8220;4.19.0&#8243; _module_preset=&#8220;default&#8220; global_colors_info=&#8220;{}&#8220;][et_pb_image src=&#8220;https:\/\/www.kappastar.com\/wp-content\/uploads\/2022\/11\/papir-servis-01-1.jpg&#8220; title_text=&#8220;papir-servis-01-1&#8243; _builder_version=&#8220;4.19.0&#8243; _module_preset=&#8220;default&#8220; custom_margin=&#8220;33px||||false|false&#8220; global_colors_info=&#8220;{}&#8220;][\/et_pb_image][et_pb_text _builder_version=&#8220;4.19.1&#8243; _module_preset=&#8220;default&#8220; header_2_font=&#8220;|600|||||||&#8220; header_2_font_size=&#8220;24px&#8220; global_colors_info=&#8220;{}&#8220;]<\/p>\n<h2 class=\"title\">Kappastar Recycling<\/h2>\n<p><strong>Ovla\u0161\u0107eni Operater za sakupljanje, transport, skladistenje i tretman neopasnog otpada.<\/strong><\/p>\n<p>Kappastar Recycling je osnovan 2010.godine. Tokom nekoliko godina poslovanja Kappastar Recycling je postao lider u oblasti prikupljanja otpadnog papira i drugih vrsta ambala\u017enog otpada na teritoriji Srbije. Od 2011. godine Kappastar Recycling je po\u010deo da posluje u zemljama regiona kroz svoje c\u0301erke kompanije, gde je danas prisutan u Ma\u0111arskoj, Crnoj Gori, Bosni i Hercegovini, Severnoj Makedoniji, Rumuniji, Bugarskoj i Albaniji sa velikim brojem recikla\u017enih centara.<\/p>\n<p>Na godi\u0161njem nivou sakupi i preveze oko 240.000 tona otpadnog papira, PET-a folije. Sve koli\u010dine prikupljenog starog papira se prerade u fabrikama za proizovdnju kartona i hartije u Srbiji.<\/p>\n<p>Kappastar Recycling svoju delatnost obavlja kroz mre\u017eu recikla\u017enih centara, koji se nalaze u Beogradu i vecim gradovima \u0161irom Srbije. U planu je otvaranje novih recikla\u017enih centara.<\/p>\n<p><a href=\"http:\/\/www.ksr.rs\">www.ksr.rs<\/a>\/<\/p>\n<p>[\/et_pb_text][\/et_pb_column][\/et_pb_row][\/et_pb_section]<\/p>\n","protected":false},"excerpt":{"rendered":"<p>KAPPASTAR RECYCLINGKappastar Recycling Ovla\u0161\u0107eni Operater za sakupljanje, transport, skladistenje i tretman neopasnog otpada. Kappastar Recycling je osnovan 2010.godine. Tokom nekoliko godina poslovanja Kappastar Recycling je postao lider u oblasti prikupljanja otpadnog papira i drugih vrsta ambala\u017enog otpada na teritoriji Srbije. Od 2011. godine Kappastar Recycling je po\u010deo da posluje u zemljama regiona kroz svoje c\u0301erke [&hellip;]<\/p>\n","protected":false},"author":3,"featured_media":0,"parent":0,"menu_order":0,"comment_status":"closed","ping_status":"closed","template":"","meta":{"_et_pb_use_builder":"on","_et_pb_old_content":"","_et_gb_content_width":"","footnotes":""},"class_list":["post-897","page","type-page","status-publish","hentry"],"_links":{"self":[{"href":"https:\/\/www.kappastar.com\/sr\/wp-json\/wp\/v2\/pages\/897","targetHints":{"allow":["GET"]}}],"collection":[{"href":"https:\/\/www.kappastar.com\/sr\/wp-json\/wp\/v2\/pages"}],"about":[{"href":"https:\/\/www.kappastar.com\/sr\/wp-json\/wp\/v2\/types\/page"}],"author":[{"embeddable":true,"href":"https:\/\/www.kappastar.com\/sr\/wp-json\/wp\/v2\/users\/3"}],"replies":[{"embeddable":true,"href":"https:\/\/www.kappastar.com\/sr\/wp-json\/wp\/v2\/comments?post=897"}],"version-history":[{"count":10,"href":"https:\/\/www.kappastar.com\/sr\/wp-json\/wp\/v2\/pages\/897\/revisions"}],"predecessor-version":[{"id":1006,"href":"https:\/\/www.kappastar.com\/sr\/wp-json\/wp\/v2\/pages\/897\/revisions\/1006"}],"wp:attachment":[{"href":"https:\/\/www.kappastar.com\/sr\/wp-json\/wp\/v2\/media?parent=897"}],"curies":[{"name":"wp","href":"https:\/\/api.w.org\/{rel}","templated":true}]}}