{"id":907,"date":"2022-11-07T13:00:17","date_gmt":"2022-11-07T13:00:17","guid":{"rendered":"https:\/\/www.kappastar.com\/ekostar-pak\/"},"modified":"2024-02-14T14:11:48","modified_gmt":"2024-02-14T14:11:48","slug":"ekostar-pak","status":"publish","type":"page","link":"https:\/\/www.kappastar.com\/sr\/ekostar-pak\/","title":{"rendered":"Ekostar Pak"},"content":{"rendered":"<p>[et_pb_section fb_built=&#8220;1&#8243; _builder_version=&#8220;4.19.0&#8243; _module_preset=&#8220;default&#8220; background_color=&#8220;#f8f9f9&#8243; border_width_bottom=&#8220;1px&#8220; border_color_bottom=&#8220;#eeeeee&#8220; global_colors_info=&#8220;{}&#8220;][et_pb_row _builder_version=&#8220;4.18.0&#8243; _module_preset=&#8220;default&#8220; global_colors_info=&#8220;{}&#8220;][et_pb_column type=&#8220;4_4&#8243; _builder_version=&#8220;4.18.0&#8243; _module_preset=&#8220;default&#8220; global_colors_info=&#8220;{}&#8220;][et_pb_text _builder_version=&#8220;4.19.1&#8243; _module_preset=&#8220;default&#8220; header_font=&#8220;Montserrat||||||||&#8220; header_font_size=&#8220;36px&#8220; custom_padding=&#8220;||||false|false&#8220; global_colors_info=&#8220;{}&#8220;]<\/p>\n<h1 style=\"text-align: center;\">EKOSTAR PAK<\/h1>\n<p>[\/et_pb_text][\/et_pb_column][\/et_pb_row][\/et_pb_section][et_pb_section fb_built=&#8220;1&#8243; _builder_version=&#8220;4.19.0&#8243; _module_preset=&#8220;default&#8220; min_height=&#8220;905.1px&#8220; custom_padding=&#8220;3px|||||&#8220; global_colors_info=&#8220;{}&#8220;][et_pb_row column_structure=&#8220;1_4,3_4&#8243; _builder_version=&#8220;4.19.0&#8243; _module_preset=&#8220;default&#8220; custom_margin=&#8220;-2px|auto||auto||&#8220; custom_padding=&#8220;0px|||||&#8220; global_colors_info=&#8220;{}&#8220;][et_pb_column type=&#8220;1_4&#8243; _builder_version=&#8220;4.19.0&#8243; _module_preset=&#8220;default&#8220; global_colors_info=&#8220;{}&#8220;][et_pb_sidebar _builder_version=&#8220;4.18.0&#8243; _module_preset=&#8220;default&#8220; module_alignment=&#8220;left&#8220; custom_margin=&#8220;||||false|false&#8220; custom_padding=&#8220;|0px|||false|false&#8220; global_colors_info=&#8220;{}&#8220;][\/et_pb_sidebar][et_pb_code _builder_version=&#8220;4.19.1&#8243; _module_preset=&#8220;default&#8220; global_colors_info=&#8220;{}&#8220;]<\/p>\n<div class=\"office\"><!-- [et_pb_line_break_holder] -->    <\/p>\n<h3 class=\"naslov\">KANCELARIJA<\/h3>\n<p><!-- [et_pb_line_break_holder] -->    <\/p>\n<ul class=\"side-bar\"><!-- [et_pb_line_break_holder] -->       <\/p>\n<li class=\"\"><!-- [et_pb_line_break_holder] -->           <i class=\"fa fa-map-marker\"><\/i><span>Cronos Court, Office 73, 1077 Nicosia, Cyprus<\/span>      <!-- [et_pb_line_break_holder] -->      <\/li>\n<p><!-- [et_pb_line_break_holder] -->      <\/p>\n<li class=\"\"><!-- [et_pb_line_break_holder] -->           <i class=\"fa fa-phone\"><\/i><span>+357-22001485<\/span>      <!-- [et_pb_line_break_holder] -->      <\/li>\n<p><!-- [et_pb_line_break_holder] -->      <\/p>\n<li class=\"\"><!-- [et_pb_line_break_holder] -->           <i class=\"fa fa-fax\"><\/i><span>+357-22001486<\/span>      <!-- [et_pb_line_break_holder] -->      <\/li>\n<p><!-- [et_pb_line_break_holder] -->      <\/p>\n<li class=\"\"><!-- [et_pb_line_break_holder] -->           <i class=\"fa fa-envelope\"><\/i><span>office@kappastar.com.cy<\/span>      <!-- [et_pb_line_break_holder] -->      <\/li>\n<p>   <!-- [et_pb_line_break_holder] -->    <\/ul>\n<p><!-- [et_pb_line_break_holder] --><\/div>\n<p>[\/et_pb_code][\/et_pb_column][et_pb_column type=&#8220;3_4&#8243; _builder_version=&#8220;4.19.0&#8243; _module_preset=&#8220;default&#8220; global_colors_info=&#8220;{}&#8220;][et_pb_image src=&#8220;https:\/\/www.kappastar.com\/wp-content\/uploads\/2023\/01\/1130&#215;650-72-dpi.jpg&#8220; title_text=&#8220;1130&#215;650-72-dpi&#8220; _builder_version=&#8220;4.19.4&#8243; _module_preset=&#8220;default&#8220; custom_margin=&#8220;33px||||false|false&#8220; global_colors_info=&#8220;{}&#8220;][\/et_pb_image][et_pb_text _builder_version=&#8220;4.24.0&#8243; _module_preset=&#8220;default&#8220; header_2_font=&#8220;|600|||||||&#8220; header_2_font_size=&#8220;24px&#8220; hover_enabled=&#8220;0&#8243; global_colors_info=&#8220;{}&#8220; sticky_enabled=&#8220;0&#8243;]<\/p>\n<h2 class=\"title\">Ekostar Pak<\/h2>\n<p><strong>Operater sistema upravljanja ambala\u017enim otpadom.<\/strong><\/p>\n<p><strong>Od svog osnivanja 2010. godine osnovna deltanost Ekostar Pak-a je upravljanje ambala\u017enim otpadom.<\/strong><\/p>\n<p>Ekostar Pak posluje u skladu sa na\u010delom odr\u017eivog razvoja, a sa osnovnim ciljem smanjenja koli\u010dine ambala\u017enog otpada u \u017eivotnoj sredini, o\u010duvanja prirodnih resursa i uspostavljanje optimalnog sistema upravljanja ambala\u017eom i ambala\u017enim otpadom.<\/p>\n<p>Kao neprofitna organizacija, u obavezi je da prikupljena sredstva ula\u017ee u razvoj sistema upravljanja ambala\u017enim otpadom na celoj teritoriji Republike Srbije.<\/p>\n<p>Misija privrednog dru\u0161tva je da uspostavi i razvije sistem upravljanja ambala\u017enim otpadom u skladu sa Zakonom o ambala\u017ei i ambala\u017enom otpadu.<\/p>\n<p><span style=\"color: #2ea3f2;\"><a href=\"https:\/\/www.ekostarpak.rs\/\" target=\"_blank\" rel=\"noopener\"> https:\/\/www.ekostarpak.rs\/<\/a><\/span>[\/et_pb_text][\/et_pb_column][\/et_pb_row][\/et_pb_section]<\/p>\n","protected":false},"excerpt":{"rendered":"<p>EKOSTAR PAKEkostar Pak Operater sistema upravljanja ambala\u017enim otpadom. Od svog osnivanja 2010. godine osnovna deltanost Ekostar Pak-a je upravljanje ambala\u017enim otpadom. Ekostar Pak posluje u skladu sa na\u010delom odr\u017eivog razvoja, a sa osnovnim ciljem smanjenja koli\u010dine ambala\u017enog otpada u \u017eivotnoj sredini, o\u010duvanja prirodnih resursa i uspostavljanje optimalnog sistema upravljanja ambala\u017eom i ambala\u017enim otpadom. Kao neprofitna [&hellip;]<\/p>\n","protected":false},"author":3,"featured_media":0,"parent":0,"menu_order":0,"comment_status":"closed","ping_status":"closed","template":"","meta":{"_et_pb_use_builder":"on","_et_pb_old_content":"","_et_gb_content_width":"","footnotes":""},"class_list":["post-907","page","type-page","status-publish","hentry"],"_links":{"self":[{"href":"https:\/\/www.kappastar.com\/sr\/wp-json\/wp\/v2\/pages\/907","targetHints":{"allow":["GET"]}}],"collection":[{"href":"https:\/\/www.kappastar.com\/sr\/wp-json\/wp\/v2\/pages"}],"about":[{"href":"https:\/\/www.kappastar.com\/sr\/wp-json\/wp\/v2\/types\/page"}],"author":[{"embeddable":true,"href":"https:\/\/www.kappastar.com\/sr\/wp-json\/wp\/v2\/users\/3"}],"replies":[{"embeddable":true,"href":"https:\/\/www.kappastar.com\/sr\/wp-json\/wp\/v2\/comments?post=907"}],"version-history":[{"count":13,"href":"https:\/\/www.kappastar.com\/sr\/wp-json\/wp\/v2\/pages\/907\/revisions"}],"predecessor-version":[{"id":1096,"href":"https:\/\/www.kappastar.com\/sr\/wp-json\/wp\/v2\/pages\/907\/revisions\/1096"}],"wp:attachment":[{"href":"https:\/\/www.kappastar.com\/sr\/wp-json\/wp\/v2\/media?parent=907"}],"curies":[{"name":"wp","href":"https:\/\/api.w.org\/{rel}","templated":true}]}}