{"id":914,"date":"2022-11-07T13:04:11","date_gmt":"2022-11-07T13:04:11","guid":{"rendered":"https:\/\/www.kappastar.com\/ksg-logistic-doo\/"},"modified":"2022-11-30T21:09:44","modified_gmt":"2022-11-30T21:09:44","slug":"ksg-logistic-doo","status":"publish","type":"page","link":"https:\/\/www.kappastar.com\/sr\/ksg-logistic-doo\/","title":{"rendered":"KSG Logistic doo"},"content":{"rendered":"<p>[et_pb_section fb_built=&#8220;1&#8243; _builder_version=&#8220;4.19.0&#8243; _module_preset=&#8220;default&#8220; background_color=&#8220;#f8f9f9&#8243; border_width_bottom=&#8220;1px&#8220; border_color_bottom=&#8220;#eeeeee&#8220; global_colors_info=&#8220;{}&#8220;][et_pb_row _builder_version=&#8220;4.18.0&#8243; _module_preset=&#8220;default&#8220; global_colors_info=&#8220;{}&#8220;][et_pb_column type=&#8220;4_4&#8243; _builder_version=&#8220;4.18.0&#8243; _module_preset=&#8220;default&#8220; global_colors_info=&#8220;{}&#8220;][et_pb_text _builder_version=&#8220;4.19.1&#8243; _module_preset=&#8220;default&#8220; header_font=&#8220;Montserrat||||||||&#8220; header_font_size=&#8220;36px&#8220; custom_padding=&#8220;||||false|false&#8220; global_colors_info=&#8220;{}&#8220;]<\/p>\n<h1 style=\"text-align: center;\">KSG LOGISTICS DOO<\/h1>\n<p>[\/et_pb_text][\/et_pb_column][\/et_pb_row][\/et_pb_section][et_pb_section fb_built=&#8220;1&#8243; _builder_version=&#8220;4.19.0&#8243; _module_preset=&#8220;default&#8220; global_colors_info=&#8220;{}&#8220;][et_pb_row column_structure=&#8220;1_4,3_4&#8243; _builder_version=&#8220;4.19.0&#8243; _module_preset=&#8220;default&#8220; custom_margin=&#8220;-56px|auto||auto||&#8220; custom_padding=&#8220;0px|||||&#8220; global_colors_info=&#8220;{}&#8220;][et_pb_column type=&#8220;1_4&#8243; _builder_version=&#8220;4.19.0&#8243; _module_preset=&#8220;default&#8220; global_colors_info=&#8220;{}&#8220;][et_pb_sidebar _builder_version=&#8220;4.19.1&#8243; _module_preset=&#8220;default&#8220; module_alignment=&#8220;left&#8220; custom_margin=&#8220;||||false|false&#8220; custom_padding=&#8220;|0px|||false|false&#8220; hover_enabled=&#8220;0&#8243; global_colors_info=&#8220;{}&#8220; sticky_enabled=&#8220;0&#8243;][\/et_pb_sidebar][et_pb_code _builder_version=&#8220;4.19.1&#8243; _module_preset=&#8220;default&#8220; global_colors_info=&#8220;{}&#8220;]<\/p>\n<div class=\"office\"><!-- [et_pb_line_break_holder] -->    <\/p>\n<h3 class=\"naslov\">OUR OFFICE<\/h3>\n<p><!-- [et_pb_line_break_holder] -->    <\/p>\n<ul class=\"side-bar\"><!-- [et_pb_line_break_holder] -->       <\/p>\n<li class=\"\"><!-- [et_pb_line_break_holder] -->           <i class=\"fa fa-map-marker\"><\/i><span>Cronos Court, Office 73, 1077 Nicosia, Cyprus<\/span>      <!-- [et_pb_line_break_holder] -->      <\/li>\n<p><!-- [et_pb_line_break_holder] -->      <\/p>\n<li class=\"\"><!-- [et_pb_line_break_holder] -->           <i class=\"fa fa-phone\"><\/i><span>+357-22001485<\/span>      <!-- [et_pb_line_break_holder] -->      <\/li>\n<p><!-- [et_pb_line_break_holder] -->      <\/p>\n<li class=\"\"><!-- [et_pb_line_break_holder] -->           <i class=\"fa fa-fax\"><\/i><span>+357-22001486<\/span>      <!-- [et_pb_line_break_holder] -->      <\/li>\n<p><!-- [et_pb_line_break_holder] -->      <\/p>\n<li class=\"\"><!-- [et_pb_line_break_holder] -->           <i class=\"fa fa-envelope\"><\/i><span>office@kappastar.com.cy<\/span>      <!-- [et_pb_line_break_holder] -->      <\/li>\n<p>   <!-- [et_pb_line_break_holder] -->    <\/ul>\n<p><!-- [et_pb_line_break_holder] --><\/div>\n<p>[\/et_pb_code][\/et_pb_column][et_pb_column type=&#8220;3_4&#8243; _builder_version=&#8220;4.19.0&#8243; _module_preset=&#8220;default&#8220; global_colors_info=&#8220;{}&#8220;][et_pb_image src=&#8220;https:\/\/www.kappastar.com\/wp-content\/uploads\/2022\/10\/ksg-logistics.jpg&#8220; title_text=&#8220;ksg-logistics&#8220; _builder_version=&#8220;4.19.0&#8243; _module_preset=&#8220;default&#8220; custom_margin=&#8220;33px||||false|false&#8220; global_colors_info=&#8220;{}&#8220;][\/et_pb_image][et_pb_text _builder_version=&#8220;4.19.0&#8243; _module_preset=&#8220;default&#8220; header_2_font=&#8220;|600|||||||&#8220; header_2_font_size=&#8220;24px&#8220; global_colors_info=&#8220;{}&#8220;]<\/p>\n<h2 class=\"title\">KSG LOGISTICS DOO<\/h2>\n<p><strong>Tip proizvodnje\/usluge: Logisti\u010dke usluge<\/strong><\/p>\n<p>KSG Logistics je kompanija \u010dija je osnovna delatnost pru\u017eanje logisti\u010dkih usluga sa godi\u0161njom realizacijom od oko 30.000 punih kamionskih utovara.<\/p>\n<p>Prvobitno je funkcionisao kao sektor Centralne logistike za potrebe Kappa Star grupe, ali porastom obima posla, a u skladu sa zahtevima tr\u017ei\u0161ta, 2019. osnovan je KSG Logistics.<\/p>\n<p>KSG Logistics ima za cilj optimizaciju logisti\u010dkog lanca koji omogu\u0107ava efikasan protok robe u svim vrstama saobra\u0107aja. KSG Logistics vr\u0161i planiranje, organizaciju, upravljanje i kontrolu svih tro\u0161kova, sa ciljem ostvarivanja odgovaraju\u0107eg ekonomskog efekta kako za Kappa Star grupu tako i za eksterne klijente.<\/p>\n<p><span style=\"color: #2ea3f2;\">WEB: https:\/\/www.ksglogistics.rs\/<\/span><\/p>\n<p><span style=\"color: #2ea3f2;\">E-MAIL: office@ksglogistics.rs<\/span>[\/et_pb_text][\/et_pb_column][\/et_pb_row][\/et_pb_section]<\/p>\n","protected":false},"excerpt":{"rendered":"<p>KSG LOGISTICS DOOKSG LOGISTICS DOO Tip proizvodnje\/usluge: Logisti\u010dke usluge KSG Logistics je kompanija \u010dija je osnovna delatnost pru\u017eanje logisti\u010dkih usluga sa godi\u0161njom realizacijom od oko 30.000 punih kamionskih utovara. Prvobitno je funkcionisao kao sektor Centralne logistike za potrebe Kappa Star grupe, ali porastom obima posla, a u skladu sa zahtevima tr\u017ei\u0161ta, 2019. osnovan je KSG [&hellip;]<\/p>\n","protected":false},"author":3,"featured_media":0,"parent":0,"menu_order":0,"comment_status":"closed","ping_status":"closed","template":"","meta":{"_et_pb_use_builder":"on","_et_pb_old_content":"","_et_gb_content_width":"","footnotes":""},"class_list":["post-914","page","type-page","status-publish","hentry"],"_links":{"self":[{"href":"https:\/\/www.kappastar.com\/sr\/wp-json\/wp\/v2\/pages\/914","targetHints":{"allow":["GET"]}}],"collection":[{"href":"https:\/\/www.kappastar.com\/sr\/wp-json\/wp\/v2\/pages"}],"about":[{"href":"https:\/\/www.kappastar.com\/sr\/wp-json\/wp\/v2\/types\/page"}],"author":[{"embeddable":true,"href":"https:\/\/www.kappastar.com\/sr\/wp-json\/wp\/v2\/users\/3"}],"replies":[{"embeddable":true,"href":"https:\/\/www.kappastar.com\/sr\/wp-json\/wp\/v2\/comments?post=914"}],"version-history":[{"count":9,"href":"https:\/\/www.kappastar.com\/sr\/wp-json\/wp\/v2\/pages\/914\/revisions"}],"predecessor-version":[{"id":998,"href":"https:\/\/www.kappastar.com\/sr\/wp-json\/wp\/v2\/pages\/914\/revisions\/998"}],"wp:attachment":[{"href":"https:\/\/www.kappastar.com\/sr\/wp-json\/wp\/v2\/media?parent=914"}],"curies":[{"name":"wp","href":"https:\/\/api.w.org\/{rel}","templated":true}]}}